{"id":788,"date":"2021-01-11T09:17:31","date_gmt":"2021-01-11T09:17:31","guid":{"rendered":"https:\/\/redcasas.com\/inmobiliaria\/?page_id=788"},"modified":"2021-01-11T09:17:33","modified_gmt":"2021-01-11T09:17:33","slug":"nuestros-servicios-red-casas","status":"publish","type":"page","link":"https:\/\/redcasas.com\/inmobiliaria\/nuestros-servicios-red-casas\/","title":{"rendered":"Nuestros Servicios"},"content":{"rendered":"\n<p>Nuestros servicios como Agencia Inmobiliaria abarcan todo lo nesesario para que Ud. pueda realizar operacion libre de complicaciones, y tenga la seguridad en todo momento.<\/p>\n\n\n\n<figure class=\"wp-block-table\"><table><tbody><tr><td><img loading=\"lazy\" decoding=\"async\" width=\"150\" height=\"150\" class=\"wp-image-795\" style=\"width: 150px;\" src=\"https:\/\/redcasas.com\/inmobiliaria\/wp-content\/uploads\/2021\/01\/Compraventas_Mesa-de-trabajo-1-scaled.jpg\" alt=\"Compra venta de inmuebles\" srcset=\"https:\/\/redcasas.com\/inmobiliaria\/wp-content\/uploads\/2021\/01\/Compraventas_Mesa-de-trabajo-1-scaled.jpg 2560w, https:\/\/redcasas.com\/inmobiliaria\/wp-content\/uploads\/2021\/01\/Compraventas_Mesa-de-trabajo-1-300x300.jpg 300w, https:\/\/redcasas.com\/inmobiliaria\/wp-content\/uploads\/2021\/01\/Compraventas_Mesa-de-trabajo-1-1024x1024.jpg 1024w, https:\/\/redcasas.com\/inmobiliaria\/wp-content\/uploads\/2021\/01\/Compraventas_Mesa-de-trabajo-1-100x100.jpg 100w, https:\/\/redcasas.com\/inmobiliaria\/wp-content\/uploads\/2021\/01\/Compraventas_Mesa-de-trabajo-1-768x768.jpg 768w, https:\/\/redcasas.com\/inmobiliaria\/wp-content\/uploads\/2021\/01\/Compraventas_Mesa-de-trabajo-1-1536x1536.jpg 1536w, https:\/\/redcasas.com\/inmobiliaria\/wp-content\/uploads\/2021\/01\/Compraventas_Mesa-de-trabajo-1-2048x2048.jpg 2048w, https:\/\/redcasas.com\/inmobiliaria\/wp-content\/uploads\/2021\/01\/Compraventas_Mesa-de-trabajo-1-200x200.jpg 200w\" sizes=\"(max-width: 150px) 100vw, 150px\" \/><\/td><td>En Red Casas le ofrecemos un servicio integral <br>en todo el proceso de compra venta de su <br>inmueble, lo asesoramos en toda la operaci\u00f3n.<\/td><\/tr><tr><td><img loading=\"lazy\" decoding=\"async\" width=\"150\" height=\"150\" class=\"wp-image-790\" style=\"width: 150px;\" src=\"https:\/\/redcasas.com\/inmobiliaria\/wp-content\/uploads\/2021\/01\/Valoraciones-inmobiliarias-gratuitas_Mesa-de-trabajo-1-scaled.jpg\" alt=\"Valoraciones inmobiliarias gratuitas\" srcset=\"https:\/\/redcasas.com\/inmobiliaria\/wp-content\/uploads\/2021\/01\/Valoraciones-inmobiliarias-gratuitas_Mesa-de-trabajo-1-scaled.jpg 2560w, https:\/\/redcasas.com\/inmobiliaria\/wp-content\/uploads\/2021\/01\/Valoraciones-inmobiliarias-gratuitas_Mesa-de-trabajo-1-300x300.jpg 300w, https:\/\/redcasas.com\/inmobiliaria\/wp-content\/uploads\/2021\/01\/Valoraciones-inmobiliarias-gratuitas_Mesa-de-trabajo-1-1024x1024.jpg 1024w, https:\/\/redcasas.com\/inmobiliaria\/wp-content\/uploads\/2021\/01\/Valoraciones-inmobiliarias-gratuitas_Mesa-de-trabajo-1-100x100.jpg 100w, https:\/\/redcasas.com\/inmobiliaria\/wp-content\/uploads\/2021\/01\/Valoraciones-inmobiliarias-gratuitas_Mesa-de-trabajo-1-768x768.jpg 768w, https:\/\/redcasas.com\/inmobiliaria\/wp-content\/uploads\/2021\/01\/Valoraciones-inmobiliarias-gratuitas_Mesa-de-trabajo-1-1536x1536.jpg 1536w, https:\/\/redcasas.com\/inmobiliaria\/wp-content\/uploads\/2021\/01\/Valoraciones-inmobiliarias-gratuitas_Mesa-de-trabajo-1-2048x2048.jpg 2048w, https:\/\/redcasas.com\/inmobiliaria\/wp-content\/uploads\/2021\/01\/Valoraciones-inmobiliarias-gratuitas_Mesa-de-trabajo-1-200x200.jpg 200w\" sizes=\"(max-width: 150px) 100vw, 150px\" \/><\/td><td>Valoraci\u00f3n Inmobiliaria de su vivienda.<br>Contamos con una gran experiencia en el sector y le<br>aseguramos un valor real de mercado.<\/td><\/tr><tr><td><img loading=\"lazy\" decoding=\"async\" width=\"150\" height=\"150\" class=\"wp-image-793\" style=\"width: 150px;\" src=\"https:\/\/redcasas.com\/inmobiliaria\/wp-content\/uploads\/2021\/01\/Alquileres_Mesa-de-trabajo-1-scaled.jpg\" alt=\"Alquileres de inmuebles\" srcset=\"https:\/\/redcasas.com\/inmobiliaria\/wp-content\/uploads\/2021\/01\/Alquileres_Mesa-de-trabajo-1-scaled.jpg 2560w, https:\/\/redcasas.com\/inmobiliaria\/wp-content\/uploads\/2021\/01\/Alquileres_Mesa-de-trabajo-1-300x300.jpg 300w, https:\/\/redcasas.com\/inmobiliaria\/wp-content\/uploads\/2021\/01\/Alquileres_Mesa-de-trabajo-1-1024x1024.jpg 1024w, https:\/\/redcasas.com\/inmobiliaria\/wp-content\/uploads\/2021\/01\/Alquileres_Mesa-de-trabajo-1-100x100.jpg 100w, https:\/\/redcasas.com\/inmobiliaria\/wp-content\/uploads\/2021\/01\/Alquileres_Mesa-de-trabajo-1-768x768.jpg 768w, https:\/\/redcasas.com\/inmobiliaria\/wp-content\/uploads\/2021\/01\/Alquileres_Mesa-de-trabajo-1-1536x1536.jpg 1536w, https:\/\/redcasas.com\/inmobiliaria\/wp-content\/uploads\/2021\/01\/Alquileres_Mesa-de-trabajo-1-2048x2048.jpg 2048w, https:\/\/redcasas.com\/inmobiliaria\/wp-content\/uploads\/2021\/01\/Alquileres_Mesa-de-trabajo-1-200x200.jpg 200w\" sizes=\"(max-width: 150px) 100vw, 150px\" \/><\/td><td>Alquileres seguros, tenemos una amplia carteras <br>de clientes, con seguro de impago aprobado, alquile<br>con seguridad su inmueble.<\/td><\/tr><tr><td><img loading=\"lazy\" decoding=\"async\" width=\"150\" height=\"150\" class=\"wp-image-796\" style=\"width: 150px;\" src=\"https:\/\/redcasas.com\/inmobiliaria\/wp-content\/uploads\/2021\/01\/Gestion-de-hipotecas_Mesa-de-trabajo-1-scaled.jpg\" alt=\"Gestion hipotecaria\" srcset=\"https:\/\/redcasas.com\/inmobiliaria\/wp-content\/uploads\/2021\/01\/Gestion-de-hipotecas_Mesa-de-trabajo-1-scaled.jpg 2560w, https:\/\/redcasas.com\/inmobiliaria\/wp-content\/uploads\/2021\/01\/Gestion-de-hipotecas_Mesa-de-trabajo-1-300x300.jpg 300w, https:\/\/redcasas.com\/inmobiliaria\/wp-content\/uploads\/2021\/01\/Gestion-de-hipotecas_Mesa-de-trabajo-1-1024x1024.jpg 1024w, https:\/\/redcasas.com\/inmobiliaria\/wp-content\/uploads\/2021\/01\/Gestion-de-hipotecas_Mesa-de-trabajo-1-100x100.jpg 100w, https:\/\/redcasas.com\/inmobiliaria\/wp-content\/uploads\/2021\/01\/Gestion-de-hipotecas_Mesa-de-trabajo-1-768x768.jpg 768w, https:\/\/redcasas.com\/inmobiliaria\/wp-content\/uploads\/2021\/01\/Gestion-de-hipotecas_Mesa-de-trabajo-1-1536x1536.jpg 1536w, https:\/\/redcasas.com\/inmobiliaria\/wp-content\/uploads\/2021\/01\/Gestion-de-hipotecas_Mesa-de-trabajo-1-2048x2048.jpg 2048w, https:\/\/redcasas.com\/inmobiliaria\/wp-content\/uploads\/2021\/01\/Gestion-de-hipotecas_Mesa-de-trabajo-1-200x200.jpg 200w\" sizes=\"(max-width: 150px) 100vw, 150px\" \/><\/td><td>Contamos con Gestores Hipotecarios, quienes lo<br>asesoraran en su posibilidad de adquirir una <br>vivienda, con las mejores condiciones Hipotecarias<br>del mercado.<\/td><\/tr><tr><td><img loading=\"lazy\" decoding=\"async\" width=\"150\" height=\"150\" class=\"wp-image-794\" style=\"width: 150px;\" src=\"https:\/\/redcasas.com\/inmobiliaria\/wp-content\/uploads\/2021\/01\/Asesoramiento-juridico-scaled.jpg\" alt=\"Asesoramiento Juridico\" srcset=\"https:\/\/redcasas.com\/inmobiliaria\/wp-content\/uploads\/2021\/01\/Asesoramiento-juridico-scaled.jpg 2560w, https:\/\/redcasas.com\/inmobiliaria\/wp-content\/uploads\/2021\/01\/Asesoramiento-juridico-300x300.jpg 300w, https:\/\/redcasas.com\/inmobiliaria\/wp-content\/uploads\/2021\/01\/Asesoramiento-juridico-1024x1024.jpg 1024w, https:\/\/redcasas.com\/inmobiliaria\/wp-content\/uploads\/2021\/01\/Asesoramiento-juridico-100x100.jpg 100w, https:\/\/redcasas.com\/inmobiliaria\/wp-content\/uploads\/2021\/01\/Asesoramiento-juridico-768x768.jpg 768w, https:\/\/redcasas.com\/inmobiliaria\/wp-content\/uploads\/2021\/01\/Asesoramiento-juridico-1536x1536.jpg 1536w, https:\/\/redcasas.com\/inmobiliaria\/wp-content\/uploads\/2021\/01\/Asesoramiento-juridico-2048x2048.jpg 2048w, https:\/\/redcasas.com\/inmobiliaria\/wp-content\/uploads\/2021\/01\/Asesoramiento-juridico-200x200.jpg 200w\" sizes=\"(max-width: 150px) 100vw, 150px\" \/><\/td><td>Nuestros Abogados asegurar\u00e1n todo el proceso <br>de la operaci\u00f3n velando por su seguridad jur\u00eddica.<br>Realizamos su Herencia para la venta del inmueble.<\/td><\/tr><tr><td><img loading=\"lazy\" decoding=\"async\" width=\"150\" height=\"150\" class=\"wp-image-792\" style=\"width: 150px;\" src=\"https:\/\/redcasas.com\/inmobiliaria\/wp-content\/uploads\/2021\/01\/Administracion-de-fincas_Mesa-de-trabajo-1-scaled.jpg\" alt=\"Administracion de Fincas\" srcset=\"https:\/\/redcasas.com\/inmobiliaria\/wp-content\/uploads\/2021\/01\/Administracion-de-fincas_Mesa-de-trabajo-1-scaled.jpg 2560w, https:\/\/redcasas.com\/inmobiliaria\/wp-content\/uploads\/2021\/01\/Administracion-de-fincas_Mesa-de-trabajo-1-300x300.jpg 300w, https:\/\/redcasas.com\/inmobiliaria\/wp-content\/uploads\/2021\/01\/Administracion-de-fincas_Mesa-de-trabajo-1-1024x1024.jpg 1024w, https:\/\/redcasas.com\/inmobiliaria\/wp-content\/uploads\/2021\/01\/Administracion-de-fincas_Mesa-de-trabajo-1-100x100.jpg 100w, https:\/\/redcasas.com\/inmobiliaria\/wp-content\/uploads\/2021\/01\/Administracion-de-fincas_Mesa-de-trabajo-1-768x768.jpg 768w, https:\/\/redcasas.com\/inmobiliaria\/wp-content\/uploads\/2021\/01\/Administracion-de-fincas_Mesa-de-trabajo-1-1536x1536.jpg 1536w, https:\/\/redcasas.com\/inmobiliaria\/wp-content\/uploads\/2021\/01\/Administracion-de-fincas_Mesa-de-trabajo-1-2048x2048.jpg 2048w, https:\/\/redcasas.com\/inmobiliaria\/wp-content\/uploads\/2021\/01\/Administracion-de-fincas_Mesa-de-trabajo-1-200x200.jpg 200w\" sizes=\"(max-width: 150px) 100vw, 150px\" \/><\/td><td>Administramos fincas, Gesti\u00f3n de Estatutos, <br>Reuniones de propietarios, siempre velando por<br>el inter\u00e9s de los propietarios.<\/td><\/tr><tr><td><img loading=\"lazy\" decoding=\"async\" width=\"150\" height=\"150\" class=\"wp-image-789\" style=\"width: 150px;\" src=\"https:\/\/redcasas.com\/inmobiliaria\/wp-content\/uploads\/2021\/01\/reformas_Mesa-de-trabajo-1-scaled.jpg\" alt=\"Reformas \" srcset=\"https:\/\/redcasas.com\/inmobiliaria\/wp-content\/uploads\/2021\/01\/reformas_Mesa-de-trabajo-1-scaled.jpg 2560w, https:\/\/redcasas.com\/inmobiliaria\/wp-content\/uploads\/2021\/01\/reformas_Mesa-de-trabajo-1-300x300.jpg 300w, https:\/\/redcasas.com\/inmobiliaria\/wp-content\/uploads\/2021\/01\/reformas_Mesa-de-trabajo-1-1024x1024.jpg 1024w, https:\/\/redcasas.com\/inmobiliaria\/wp-content\/uploads\/2021\/01\/reformas_Mesa-de-trabajo-1-100x100.jpg 100w, https:\/\/redcasas.com\/inmobiliaria\/wp-content\/uploads\/2021\/01\/reformas_Mesa-de-trabajo-1-768x768.jpg 768w, https:\/\/redcasas.com\/inmobiliaria\/wp-content\/uploads\/2021\/01\/reformas_Mesa-de-trabajo-1-1536x1536.jpg 1536w, https:\/\/redcasas.com\/inmobiliaria\/wp-content\/uploads\/2021\/01\/reformas_Mesa-de-trabajo-1-2048x2048.jpg 2048w, https:\/\/redcasas.com\/inmobiliaria\/wp-content\/uploads\/2021\/01\/reformas_Mesa-de-trabajo-1-200x200.jpg 200w\" sizes=\"(max-width: 150px) 100vw, 150px\" \/><\/td><td>Contamos con grandes reformitas, para ofrecerle el <br>mejor presupuesto y las mejores calidades.<br>Presupuestos antes de realizar su compra sin<br>compromisos.<\/td><\/tr><\/tbody><\/table><figcaption>Nuestros servicios<\/figcaption><\/figure>\n\n\n\n<h3 class=\"wp-block-heading\">Siguenos en nuestras redes sociales<\/h3>\n\n\n\n<figure class=\"wp-block-image\"><a href=\"http:\/\/www.facebook.com\/Red-Casas\" target=\"_blank\" rel=\"noreferrer noopener\"><img loading=\"lazy\" decoding=\"async\" width=\"119\" height=\"119\" src=\"https:\/\/redcasas.com\/inmobiliaria\/wp-content\/uploads\/2020\/11\/facebook.jpg\" alt=\"\" class=\"wp-image-420\" srcset=\"https:\/\/redcasas.com\/inmobiliaria\/wp-content\/uploads\/2020\/11\/facebook.jpg 119w, https:\/\/redcasas.com\/inmobiliaria\/wp-content\/uploads\/2020\/11\/facebook-100x100.jpg 100w, https:\/\/redcasas.com\/inmobiliaria\/wp-content\/uploads\/2020\/11\/facebook-200x200.jpg 200w\" sizes=\"(max-width: 119px) 100vw, 119px\" \/><\/a><\/figure>\n\n\n\n<figure class=\"wp-block-image\"><a href=\"https:\/\/redcasas.com\/inmobiliaria\/wp-content\/uploads\/2020\/11\/instagram.jpg\"><img loading=\"lazy\" decoding=\"async\" width=\"119\" height=\"119\" src=\"https:\/\/redcasas.com\/inmobiliaria\/wp-content\/uploads\/2020\/11\/instagram.jpg\" alt=\"\" class=\"wp-image-421\" srcset=\"https:\/\/redcasas.com\/inmobiliaria\/wp-content\/uploads\/2020\/11\/instagram.jpg 119w, https:\/\/redcasas.com\/inmobiliaria\/wp-content\/uploads\/2020\/11\/instagram-100x100.jpg 100w, https:\/\/redcasas.com\/inmobiliaria\/wp-content\/uploads\/2020\/11\/instagram-200x200.jpg 200w\" sizes=\"(max-width: 119px) 100vw, 119px\" \/><\/a><\/figure>\n\n\n\n<p><a href=\"http:\/\/www.facebook.com\/Red-Casas\" target=\"_blank\" rel=\"noreferrer noopener\">www.facebook.com\/Red-Casas<\/a><\/p>\n","protected":false},"excerpt":{"rendered":"<p>Nuestros servicios como Agencia Inmobiliaria abarcan todo lo nesesario para que Ud. pueda realizar operacion libre de complicaciones, y tenga la seguridad en todo momento. En Red Casas le ofrecemos un servicio integral en todo el proceso de compra venta de su inmueble, lo asesoramos en toda la operaci\u00f3n. Valoraci\u00f3n Inmobiliaria de su vivienda.Contamos con [&hellip;]<\/p>\n","protected":false},"author":2,"featured_media":0,"parent":0,"menu_order":0,"comment_status":"closed","ping_status":"closed","template":"","meta":{"_monsterinsights_skip_tracking":false,"_monsterinsights_sitenote_active":false,"_monsterinsights_sitenote_note":"","_monsterinsights_sitenote_category":0,"footnotes":""},"_links":{"self":[{"href":"https:\/\/redcasas.com\/inmobiliaria\/wp-json\/wp\/v2\/pages\/788"}],"collection":[{"href":"https:\/\/redcasas.com\/inmobiliaria\/wp-json\/wp\/v2\/pages"}],"about":[{"href":"https:\/\/redcasas.com\/inmobiliaria\/wp-json\/wp\/v2\/types\/page"}],"author":[{"embeddable":true,"href":"https:\/\/redcasas.com\/inmobiliaria\/wp-json\/wp\/v2\/users\/2"}],"replies":[{"embeddable":true,"href":"https:\/\/redcasas.com\/inmobiliaria\/wp-json\/wp\/v2\/comments?post=788"}],"version-history":[{"count":2,"href":"https:\/\/redcasas.com\/inmobiliaria\/wp-json\/wp\/v2\/pages\/788\/revisions"}],"predecessor-version":[{"id":6639,"href":"https:\/\/redcasas.com\/inmobiliaria\/wp-json\/wp\/v2\/pages\/788\/revisions\/6639"}],"wp:attachment":[{"href":"https:\/\/redcasas.com\/inmobiliaria\/wp-json\/wp\/v2\/media?parent=788"}],"curies":[{"name":"wp","href":"https:\/\/api.w.org\/{rel}","templated":true}]}}