{"id":4735,"date":"2022-07-15T10:54:52","date_gmt":"2022-07-15T10:54:52","guid":{"rendered":"https:\/\/redcasas.com\/inmobiliaria\/?page_id=4735"},"modified":"2024-04-30T13:09:03","modified_gmt":"2024-04-30T13:09:03","slug":"certificado-energetico","status":"publish","type":"page","link":"https:\/\/redcasas.com\/inmobiliaria\/certificado-energetico\/","title":{"rendered":"Certificado energ\u00e9tico"},"content":{"rendered":"\n<p>Desde el a\u00f1o 2013 el Certificado energ\u00e9tico de la vivienda se hizo obligatorio en toda Espa\u00f1a, siendo un requisito indispensable para toda persona propietaria de una vivienda que quiera vender o alquilar su vivienda. Sin dicha etiqueta es imposible hacer cualquier operaci\u00f3n inmobiliaria.<\/p>\n\n\n\n<p>\u00bfQu\u00e9 es el Certificado energ\u00e9tico?<\/p>\n\n\n\n<p>Es un documento que establece la demanda energ\u00e9tica de su inmueble en condiciones de ocupaci\u00f3n, para ello tendr\u00e1 en cuenta diversos factores como: la ventilaci\u00f3n, la iluminaci\u00f3n, calefacci\u00f3n y refrigeraci\u00f3n o agua caliente.<\/p>\n\n\n\n<p>Dicho certificado si hizo oficial a trav\u00e9s de la Ley 8\/2013 de 26 de junio, la cual establece la obligatoriedad de su existencia a la hora de vender (Contado o hipoteca) o alquilar la vivienda.<br>La falta de dicho documento en la promoci\u00f3n de venta o alquiler podr\u00e1 ser sancionada con multas que van desde los 300 a los 600 euros para el anunciante de la vivienda.<\/p>\n\n\n\n<p>Por ello desde Red Casas le ofrecemos a todos los vendedores o propietarios interesados en vender o alquilar una vivienda, la posibilidad de gestionar dicho certificado a la hora de firmar el compromiso de venta o de alquiler, logrando as\u00ed que el propietario no tenga preocupaciones para obtener dicho documento.<\/p>\n\n\n\n<p>Para ello contamos con un Arquitecto tecnico matriculado que ira a la vivienda a realizar el informe, luego presentara a las autoridades, que otorgan el informe devidamente sellado y la etiqueta energ\u00e9tica.<\/p>\n\n\n\n<h2 class=\"wp-block-heading\"> Certificado energ\u00e9tico <\/h2>\n\n\n<div class=\"wpforms-container wpforms-container-full\" id=\"wpforms-232\"><form id=\"wpforms-form-232\" class=\"wpforms-validate wpforms-form\" data-formid=\"232\" method=\"post\" enctype=\"multipart\/form-data\" action=\"\/inmobiliaria\/wp-json\/wp\/v2\/pages\/4735\" data-token=\"aab8912f166667e8649afdcb5271d44f\" data-token-time=\"1778716279\"><noscript class=\"wpforms-error-noscript\">Por favor, activa JavaScript en tu navegador para completar este formulario.<\/noscript><div class=\"wpforms-field-container\"><div id=\"wpforms-232-field_1-container\" class=\"wpforms-field wpforms-field-text\" data-field-id=\"1\"><label class=\"wpforms-field-label\" for=\"wpforms-232-field_1\">Nombre y apellido <span class=\"wpforms-required-label\">*<\/span><\/label><input type=\"text\" id=\"wpforms-232-field_1\" class=\"wpforms-field-medium wpforms-field-required\" name=\"wpforms[fields][1]\" required><\/div><div id=\"wpforms-232-field_3-container\" class=\"wpforms-field wpforms-field-text\" data-field-id=\"3\"><label class=\"wpforms-field-label\" for=\"wpforms-232-field_3\">Telefono<\/label><input type=\"text\" id=\"wpforms-232-field_3\" class=\"wpforms-field-small wpforms-limit-characters-enabled\" data-form-id=\"232\" data-field-id=\"3\" data-text-limit=\"9\" name=\"wpforms[fields][3]\" maxlength=\"9\" ><\/div><div id=\"wpforms-232-field_4-container\" class=\"wpforms-field wpforms-field-email\" data-field-id=\"4\"><label class=\"wpforms-field-label\" for=\"wpforms-232-field_4\">Correo electr\u00f3nico <span class=\"wpforms-required-label\">*<\/span><\/label><input type=\"email\" id=\"wpforms-232-field_4\" class=\"wpforms-field-medium wpforms-field-required\" name=\"wpforms[fields][4]\" spellcheck=\"false\" required><\/div><div id=\"wpforms-232-field_5-container\" class=\"wpforms-field wpforms-field-select wpforms-field-select-style-classic\" data-field-id=\"5\"><label class=\"wpforms-field-label\" for=\"wpforms-232-field_5\">Desplegable<\/label><select id=\"wpforms-232-field_5\" class=\"wpforms-field-medium\" name=\"wpforms[fields][5]\"><option value=\"Solicitar una visita\" >Solicitar una visita<\/option><option value=\"Quiero una valoraci\u00f3n\" >Quiero una valoraci\u00f3n<\/option><option value=\"Busco asesoramiento financiero\" >Busco asesoramiento financiero<\/option><option value=\"Otro asunto\" >Otro asunto<\/option><option value=\"Certificado Energetico\" >Certificado Energetico<\/option><option value=\"Cedula de habitabilidad\" >Cedula de habitabilidad<\/option><\/select><\/div><div id=\"wpforms-232-field_6-container\" class=\"wpforms-field wpforms-field-textarea\" data-field-id=\"6\"><label class=\"wpforms-field-label\" for=\"wpforms-232-field_6\">Su consulta<\/label><textarea id=\"wpforms-232-field_6\" class=\"wpforms-field-medium\" name=\"wpforms[fields][6]\" ><\/textarea><\/div><\/div><!-- .wpforms-field-container --><div class=\"wpforms-field wpforms-field-hp\"><label for=\"wpforms-232-field-hp\" class=\"wpforms-field-label\">Phone<\/label><input type=\"text\" name=\"wpforms[hp]\" id=\"wpforms-232-field-hp\" class=\"wpforms-field-medium\"><\/div><div class=\"wpforms-recaptcha-container wpforms-is-recaptcha wpforms-is-recaptcha-type-invisible\" ><div class=\"g-recaptcha\" data-sitekey=\"AIzaSyCrYN9VYRpqMZHiZYEFY8XLDflaXqhiib4\" data-size=\"invisible\"><\/div><\/div><div class=\"wpforms-submit-container\" ><input type=\"hidden\" name=\"wpforms[id]\" value=\"232\"><input type=\"hidden\" name=\"page_title\" value=\"\"><input type=\"hidden\" name=\"page_url\" value=\"https:\/\/redcasas.com\/inmobiliaria\/wp-json\/wp\/v2\/pages\/4735\"><button type=\"submit\" name=\"wpforms[submit]\" id=\"wpforms-submit-232\" class=\"wpforms-submit\" data-alt-text=\"Enviando...\" data-submit-text=\"Enviar\" aria-live=\"assertive\" value=\"wpforms-submit\">Enviar<\/button><\/div><\/form><\/div>  <!-- .wpforms-container -->\n\n\n\n<h3 class=\"wp-block-heading\">Siguenos en nuestras redes sociales<\/h3>\n\n\n\n<figure class=\"wp-block-image\"><a href=\"http:\/\/www.facebook.com\/Red-Casas\" target=\"_blank\" rel=\"noreferrer noopener\"><img loading=\"lazy\" decoding=\"async\" width=\"119\" height=\"119\" src=\"https:\/\/redcasas.com\/inmobiliaria\/wp-content\/uploads\/2020\/11\/facebook.jpg\" alt=\"\" class=\"wp-image-420\" srcset=\"https:\/\/redcasas.com\/inmobiliaria\/wp-content\/uploads\/2020\/11\/facebook.jpg 119w, https:\/\/redcasas.com\/inmobiliaria\/wp-content\/uploads\/2020\/11\/facebook-100x100.jpg 100w, https:\/\/redcasas.com\/inmobiliaria\/wp-content\/uploads\/2020\/11\/facebook-200x200.jpg 200w\" sizes=\"(max-width: 119px) 100vw, 119px\" \/><\/a><\/figure>\n\n\n\n<figure class=\"wp-block-image\"><a href=\"https:\/\/redcasas.com\/inmobiliaria\/wp-content\/uploads\/2020\/11\/instagram.jpg\"><img loading=\"lazy\" decoding=\"async\" width=\"119\" height=\"119\" src=\"https:\/\/redcasas.com\/inmobiliaria\/wp-content\/uploads\/2020\/11\/instagram.jpg\" alt=\"\" class=\"wp-image-421\" srcset=\"https:\/\/redcasas.com\/inmobiliaria\/wp-content\/uploads\/2020\/11\/instagram.jpg 119w, https:\/\/redcasas.com\/inmobiliaria\/wp-content\/uploads\/2020\/11\/instagram-100x100.jpg 100w, https:\/\/redcasas.com\/inmobiliaria\/wp-content\/uploads\/2020\/11\/instagram-200x200.jpg 200w\" sizes=\"(max-width: 119px) 100vw, 119px\" \/><\/a><\/figure>\n\n\n\n<p><a href=\"http:\/\/www.facebook.com\/Red-Casas\" target=\"_blank\" rel=\"noreferrer noopener\">www.facebook.com\/Red-Casas<\/a><\/p>\n","protected":false},"excerpt":{"rendered":"<p>Desde el a\u00f1o 2013 el Certificado energ\u00e9tico de la vivienda se hizo obligatorio en toda Espa\u00f1a, siendo un requisito indispensable para toda persona propietaria de una vivienda que quiera vender o alquilar su vivienda. Sin dicha etiqueta es imposible hacer cualquier operaci\u00f3n inmobiliaria. \u00bfQu\u00e9 es el Certificado energ\u00e9tico? Es un documento que establece la demanda [&hellip;]<\/p>\n","protected":false},"author":2,"featured_media":0,"parent":0,"menu_order":0,"comment_status":"closed","ping_status":"closed","template":"","meta":{"_monsterinsights_skip_tracking":false,"_monsterinsights_sitenote_active":false,"_monsterinsights_sitenote_note":"","_monsterinsights_sitenote_category":0,"footnotes":""},"_links":{"self":[{"href":"https:\/\/redcasas.com\/inmobiliaria\/wp-json\/wp\/v2\/pages\/4735"}],"collection":[{"href":"https:\/\/redcasas.com\/inmobiliaria\/wp-json\/wp\/v2\/pages"}],"about":[{"href":"https:\/\/redcasas.com\/inmobiliaria\/wp-json\/wp\/v2\/types\/page"}],"author":[{"embeddable":true,"href":"https:\/\/redcasas.com\/inmobiliaria\/wp-json\/wp\/v2\/users\/2"}],"replies":[{"embeddable":true,"href":"https:\/\/redcasas.com\/inmobiliaria\/wp-json\/wp\/v2\/comments?post=4735"}],"version-history":[{"count":3,"href":"https:\/\/redcasas.com\/inmobiliaria\/wp-json\/wp\/v2\/pages\/4735\/revisions"}],"predecessor-version":[{"id":6610,"href":"https:\/\/redcasas.com\/inmobiliaria\/wp-json\/wp\/v2\/pages\/4735\/revisions\/6610"}],"wp:attachment":[{"href":"https:\/\/redcasas.com\/inmobiliaria\/wp-json\/wp\/v2\/media?parent=4735"}],"curies":[{"name":"wp","href":"https:\/\/api.w.org\/{rel}","templated":true}]}}