{"id":4731,"date":"2022-07-15T10:50:52","date_gmt":"2022-07-15T10:50:52","guid":{"rendered":"https:\/\/redcasas.com\/inmobiliaria\/?page_id=4731"},"modified":"2022-07-15T10:50:54","modified_gmt":"2022-07-15T10:50:54","slug":"reformas-integrales-de-la-vivienda","status":"publish","type":"page","link":"https:\/\/redcasas.com\/inmobiliaria\/reformas-integrales-de-la-vivienda\/","title":{"rendered":"Reformas integrales de la vivienda"},"content":{"rendered":"Reformas integrales de la vivienda, en Red Casas si opta por uno de nuestros\npisos a reformar, le ofrecemos una amplia gama de opciones al mejor precio.\n\n<!-- \/wp:paragraph --><!-- wp:paragraph -->\n\nContamos con un equipo de profesionales capases de reformar su vivienda seg\u00fan\nsus deseos.\n\n<!-- \/wp:paragraph --><!-- wp:paragraph -->\n\nReforma integral de cocina, cambio de mobiliario, accesorios y electrodom\u00e9sticos.\n\n<!-- \/wp:paragraph --><!-- wp:paragraph -->\n\nActualizaci\u00f3n de ba\u00f1os, cambio de sanitario, plato de ducha, ba\u00f1era,\nazulejos, mamparas, grifer\u00eda, fontaner\u00eda, mobiliario\n\n<!-- \/wp:paragraph --><!-- wp:paragraph -->\n\nCambio de pisos, parquet, gres, tarima flotante.\n\n<!-- \/wp:paragraph --><!-- wp:paragraph -->\n\nAberturas todos los tama\u00f1os, de aluminio, doble cristal, persianas.\n\n<!-- \/wp:paragraph --><!-- wp:paragraph -->\n\nAlisado de paredes, techos, pintura, tratamientos antihumedad, trabajos en\npladur, tabiques, techos falsos,\n\n<!-- \/wp:paragraph --><!-- wp:paragraph -->\n\nInstalaci\u00f3n de Gas y agua, calefacci\u00f3n\n\n<!-- \/wp:paragraph --><!-- wp:paragraph -->\n\nElectricidad, cambio de tendido el\u00e9ctrico, actualizaci\u00f3n de cuadros el\u00e9ctricos,\niluminaci\u00f3n\n\n<!-- \/wp:paragraph --><!-- wp:paragraph -->\n\nInstalaci\u00f3n de Aires Acondicionado.\n\nDomotica\n\n<!-- \/wp:paragraph -->\n\n<!-- wp:heading -->\n<h2>Solicita tu presupuesto gratis<\/h2>\n<!-- \/wp:heading -->\n\n<!-- wp:shortcode -->\n<div class=\"wpforms-container wpforms-container-full\" id=\"wpforms-232\"><form id=\"wpforms-form-232\" class=\"wpforms-validate wpforms-form\" data-formid=\"232\" method=\"post\" enctype=\"multipart\/form-data\" action=\"\/inmobiliaria\/wp-json\/wp\/v2\/pages\/4731\" data-token=\"988da2006995498233ddebd97b9622fd\" data-token-time=\"1776635957\"><noscript class=\"wpforms-error-noscript\">Por favor, activa JavaScript en tu navegador para completar este formulario.<\/noscript><div class=\"wpforms-field-container\"><div id=\"wpforms-232-field_1-container\" class=\"wpforms-field wpforms-field-text\" data-field-id=\"1\"><label class=\"wpforms-field-label\" for=\"wpforms-232-field_1\">Nombre y apellido <span class=\"wpforms-required-label\">*<\/span><\/label><input type=\"text\" id=\"wpforms-232-field_1\" class=\"wpforms-field-medium wpforms-field-required\" name=\"wpforms[fields][1]\" required><\/div><div id=\"wpforms-232-field_3-container\" class=\"wpforms-field wpforms-field-text\" data-field-id=\"3\"><label class=\"wpforms-field-label\" for=\"wpforms-232-field_3\">Telefono<\/label><input type=\"text\" id=\"wpforms-232-field_3\" class=\"wpforms-field-small wpforms-limit-characters-enabled\" data-form-id=\"232\" data-field-id=\"3\" data-text-limit=\"9\" name=\"wpforms[fields][3]\" maxlength=\"9\" ><\/div><div id=\"wpforms-232-field_4-container\" class=\"wpforms-field wpforms-field-email\" data-field-id=\"4\"><label class=\"wpforms-field-label\" for=\"wpforms-232-field_4\">Correo electr\u00f3nico <span class=\"wpforms-required-label\">*<\/span><\/label><input type=\"email\" id=\"wpforms-232-field_4\" class=\"wpforms-field-medium wpforms-field-required\" name=\"wpforms[fields][4]\" spellcheck=\"false\" required><\/div><div id=\"wpforms-232-field_5-container\" class=\"wpforms-field wpforms-field-select wpforms-field-select-style-classic\" data-field-id=\"5\"><label class=\"wpforms-field-label\" for=\"wpforms-232-field_5\">Desplegable<\/label><select id=\"wpforms-232-field_5\" class=\"wpforms-field-medium\" name=\"wpforms[fields][5]\"><option value=\"Solicitar una visita\" >Solicitar una visita<\/option><option value=\"Quiero una valoraci\u00f3n\" >Quiero una valoraci\u00f3n<\/option><option value=\"Busco asesoramiento financiero\" >Busco asesoramiento financiero<\/option><option value=\"Otro asunto\" >Otro asunto<\/option><option value=\"Certificado Energetico\" >Certificado Energetico<\/option><option value=\"Cedula de habitabilidad\" >Cedula de habitabilidad<\/option><\/select><\/div><div id=\"wpforms-232-field_6-container\" class=\"wpforms-field wpforms-field-textarea\" data-field-id=\"6\"><label class=\"wpforms-field-label\" for=\"wpforms-232-field_6\">Su consulta<\/label><textarea id=\"wpforms-232-field_6\" class=\"wpforms-field-medium\" name=\"wpforms[fields][6]\" ><\/textarea><\/div><\/div><!-- .wpforms-field-container --><div class=\"wpforms-field wpforms-field-hp\"><label for=\"wpforms-232-field-hp\" class=\"wpforms-field-label\">Comment<\/label><input type=\"text\" name=\"wpforms[hp]\" id=\"wpforms-232-field-hp\" class=\"wpforms-field-medium\"><\/div><div class=\"wpforms-recaptcha-container wpforms-is-recaptcha wpforms-is-recaptcha-type-invisible\" ><div class=\"g-recaptcha\" data-sitekey=\"AIzaSyCrYN9VYRpqMZHiZYEFY8XLDflaXqhiib4\" data-size=\"invisible\"><\/div><\/div><div class=\"wpforms-submit-container\" ><input type=\"hidden\" name=\"wpforms[id]\" value=\"232\"><input type=\"hidden\" name=\"page_title\" value=\"\"><input type=\"hidden\" name=\"page_url\" value=\"https:\/\/redcasas.com\/inmobiliaria\/wp-json\/wp\/v2\/pages\/4731\"><button type=\"submit\" name=\"wpforms[submit]\" id=\"wpforms-submit-232\" class=\"wpforms-submit\" data-alt-text=\"Enviando...\" data-submit-text=\"Enviar\" aria-live=\"assertive\" value=\"wpforms-submit\">Enviar<\/button><\/div><\/form><\/div>  <!-- .wpforms-container -->\n<!-- \/wp:shortcode -->\n\n<!-- wp:heading {\"level\":3} -->\n<h3>Siguenos en nuestras redes sociales &#8211; Reformas integrales de la vivienda<\/h3>\n<!-- \/wp:heading -->\n\n<!-- wp:image {\"id\":420,\"linkDestination\":\"custom\"} -->\n<figure class=\"wp-block-image\"><a href=\"http:\/\/www.facebook.com\/Red-Casas\" target=\"_blank\" rel=\"noreferrer noopener\"><img loading=\"lazy\" decoding=\"async\" width=\"119\" height=\"119\" class=\"wp-image-420\" src=\"https:\/\/redcasas.com\/inmobiliaria\/wp-content\/uploads\/2020\/11\/facebook.jpg\" alt=\"\" srcset=\"https:\/\/redcasas.com\/inmobiliaria\/wp-content\/uploads\/2020\/11\/facebook.jpg 119w, https:\/\/redcasas.com\/inmobiliaria\/wp-content\/uploads\/2020\/11\/facebook-100x100.jpg 100w, https:\/\/redcasas.com\/inmobiliaria\/wp-content\/uploads\/2020\/11\/facebook-200x200.jpg 200w\" sizes=\"(max-width: 119px) 100vw, 119px\" \/><\/a><\/figure>\n<!-- \/wp:image -->\n\n<!-- wp:image {\"id\":421,\"linkDestination\":\"custom\"} -->\n<figure class=\"wp-block-image\"><a href=\"https:\/\/redcasas.com\/inmobiliaria\/wp-content\/uploads\/2020\/11\/instagram.jpg\"><img loading=\"lazy\" decoding=\"async\" width=\"119\" height=\"119\" class=\"wp-image-421\" src=\"https:\/\/redcasas.com\/inmobiliaria\/wp-content\/uploads\/2020\/11\/instagram.jpg\" alt=\"\" srcset=\"https:\/\/redcasas.com\/inmobiliaria\/wp-content\/uploads\/2020\/11\/instagram.jpg 119w, https:\/\/redcasas.com\/inmobiliaria\/wp-content\/uploads\/2020\/11\/instagram-100x100.jpg 100w, https:\/\/redcasas.com\/inmobiliaria\/wp-content\/uploads\/2020\/11\/instagram-200x200.jpg 200w\" sizes=\"(max-width: 119px) 100vw, 119px\" \/><\/a><\/figure>\n<!-- \/wp:image -->\n\n<!-- wp:paragraph -->\n\n<a href=\"http:\/\/www.facebook.com\/Red-Casas\" target=\"_blank\" rel=\"noreferrer noopener\">www.facebook.com\/Red-Casas<\/a>","protected":false},"excerpt":{"rendered":"<p>Reformas integrales de la vivienda, en Red Casas si opta por uno de nuestros pisos a reformar, le ofrecemos una amplia gama de opciones al mejor precio. Contamos con un equipo de profesionales capases de reformar su vivienda seg\u00fan sus deseos. Reforma integral de cocina, cambio de mobiliario, accesorios y electrodom\u00e9sticos. Actualizaci\u00f3n de ba\u00f1os, cambio [&hellip;]<\/p>\n","protected":false},"author":2,"featured_media":0,"parent":0,"menu_order":0,"comment_status":"closed","ping_status":"closed","template":"","meta":{"_monsterinsights_skip_tracking":false,"_monsterinsights_sitenote_active":false,"_monsterinsights_sitenote_note":"","_monsterinsights_sitenote_category":0,"footnotes":""},"_links":{"self":[{"href":"https:\/\/redcasas.com\/inmobiliaria\/wp-json\/wp\/v2\/pages\/4731"}],"collection":[{"href":"https:\/\/redcasas.com\/inmobiliaria\/wp-json\/wp\/v2\/pages"}],"about":[{"href":"https:\/\/redcasas.com\/inmobiliaria\/wp-json\/wp\/v2\/types\/page"}],"author":[{"embeddable":true,"href":"https:\/\/redcasas.com\/inmobiliaria\/wp-json\/wp\/v2\/users\/2"}],"replies":[{"embeddable":true,"href":"https:\/\/redcasas.com\/inmobiliaria\/wp-json\/wp\/v2\/comments?post=4731"}],"version-history":[{"count":2,"href":"https:\/\/redcasas.com\/inmobiliaria\/wp-json\/wp\/v2\/pages\/4731\/revisions"}],"predecessor-version":[{"id":6635,"href":"https:\/\/redcasas.com\/inmobiliaria\/wp-json\/wp\/v2\/pages\/4731\/revisions\/6635"}],"wp:attachment":[{"href":"https:\/\/redcasas.com\/inmobiliaria\/wp-json\/wp\/v2\/media?parent=4731"}],"curies":[{"name":"wp","href":"https:\/\/api.w.org\/{rel}","templated":true}]}}