{"id":2927,"date":"2021-07-17T10:14:00","date_gmt":"2021-07-17T10:14:00","guid":{"rendered":"https:\/\/redcasas.com\/inmobiliaria\/?page_id=2927"},"modified":"2023-02-15T15:08:56","modified_gmt":"2023-02-15T15:08:56","slug":"comunidad-de-propietarios-servicio-de-administracion","status":"publish","type":"page","link":"https:\/\/redcasas.com\/inmobiliaria\/comunidad-de-propietarios-servicio-de-administracion\/","title":{"rendered":"Comunidad de propietarios"},"content":{"rendered":"\n<p><strong>Servicio de administraci\u00f3n de fincas a las Comunidades de Propietarios:<\/strong><\/p>\n\n\n\n<h3 class=\"wp-block-heading\">\u00a1Estamos siempre para ayudar!<\/h3>\n\n\n\n<h2 class=\"wp-block-heading\">Gesti\u00f3n <strong>de Incidencias<\/strong> en la comunidad<\/h2>\n\n\n\n<p>Resolver los problemas del d\u00eda a d\u00eda que se presenten en la comunidad de propietarios y gestionar la pronta solucion con el consentimiento del Presidente y los expertos.<br><br>Mediar cuando sea necesario por conflictos de inter\u00e9s entre propietarios (ruido, vandalismo, da\u00f1os ocasionados por apartamentos tur\u00edsticos no autorizados, etc.) con el fin de asegurar la buena convivencia y armon\u00eda entre los vecinos de la comunidad. <\/p>\n\n\n\n<p>Contrato de trabajo en el servicio de preparaci\u00f3n y supervisi\u00f3n comunitaria (portero, guardia, jardinero, guardia de seguridad, etc.). Cumplimiento de contratos laborales. Predicci\u00f3n de riesgos laborales.<br>Realizar trabajos urgentes de almacenamiento y reparaci\u00f3n para asegurar un mantenimiento \u00f3ptimo de la instalaci\u00f3n. Solicitamos presupuesto de reparaciones de una empresa de confianza y con contrastada experiencia en el campo y todas las garant\u00edas necesarias.<br><\/p>\n\n\n\n<h4 class=\"wp-block-heading\">Expedientes y documentos presentados por las Administraciones P\u00fablicas: <\/h4>\n\n\n\n<ul>\n<li>Solicitud de rehabilitaci\u00f3n, Obras, Fachadas,  <\/li>\n\n\n\n<li>Inspecci\u00f3n T\u00e9cnica de Edificaci\u00f3n (ITE).<\/li>\n\n\n\n<li>Informaci\u00f3n, asesoramiento y preparaci\u00f3n de subvenciones en curso para obras de restauraci\u00f3n.<\/li>\n<\/ul>\n\n\n\n<h4 class=\"wp-block-heading\"><br>Tramitaci\u00f3n y pago de impuestos comunitarios: <\/h4>\n\n\n\n<ul>\n<li>Impuesto sobre la Renta de las Personas F\u00edsicas (IRPF)<\/li>\n\n\n\n<li>Impuesto sobre el Valor A\u00f1adido (IVA)<\/li>\n\n\n\n<li>Impuesto Urban\u00edstico.<\/li>\n<\/ul>\n\n\n\n<h4 class=\"wp-block-heading\"> Archivamos los documentos de la comunidad: <\/h4>\n\n\n\n<ul>\n<li>Loquidaciones de cuentas<\/li>\n\n\n\n<li>Derramas<\/li>\n\n\n\n<li>Libros de actas, etc.<\/li>\n<\/ul>\n\n\n\n<h4 class=\"wp-block-heading\">Cumpliremos con las disposiciones de la ley de protecci\u00f3n de datos.<\/h4>\n\n\n\n<p><br>Ponemos a su disposici\u00f3n&nbsp;salas de reuniones con equipos multimedia&nbsp;para&nbsp;reuniones de vecinos,&nbsp;consultas t\u00e9cnicas&nbsp;o&nbsp;presentaciones de proyectos.<br><\/p>\n\n\n\n<h2 class=\"wp-block-heading\">Gesti\u00f3n financiera y gesti\u00f3n de cuentas<\/h2>\n\n\n\n<ul>\n<li>Preparaci\u00f3n de las cuentas anuales para ser presentadas en la Junta Ordinaria, reducci\u00f3n de &nbsp;gastos manteniendo la calidad de los servicios prestados.<\/li>\n\n\n\n<li>Elaboraci\u00f3n del&nbsp;presupuesto anual de los gastos de la finca, estableciendo las cuotas suficientes para cubrirlas.<\/li>\n\n\n\n<li>B\u00fasqueda de las&nbsp;ofertas y presupuestos m\u00e1s favorables para su Comunidad&nbsp;por parte de&nbsp;industriales de confianza&nbsp;en servicios de: alba\u00f1iler\u00eda, fontaner\u00eda, lampister\u00eda, control de plagas y camiones cuba.<\/li>\n\n\n\n<li>Seguimiento oportuno en los casos de&nbsp;retrasos en el pago de las cuotas comunitarias&nbsp;y sobre todo en el de&nbsp;impagos continuados.<\/li>\n\n\n\n<li>Preparaci\u00f3n de toda la documentaci\u00f3n necesaria para dar traslado a nuestros&nbsp;abogados expertos en demandas por morosidad. Asesoramiento a la Comunidad desde el inicio hasta la resoluci\u00f3n del juicio.<\/li>\n<\/ul>\n\n\n\n<p><\/p>\n\n\n\n<h3 class=\"wp-block-heading\">Gesti\u00f3n de activos<\/h3>\n\n\n\n<p>Como&nbsp;expertos en la administraci\u00f3n de Patrimonio&nbsp;estudiamos la mejor manera de obtener la&nbsp;m\u00e1xima rentabilidad y beneficio para nuestros clientes. Nos encargamos de gestionar con eficacia la&nbsp;comercializaci\u00f3n de sus inversiones inmobiliarias&nbsp;y de encontrar los mejores arrendatarios para conseguir la&nbsp;m\u00e1xima seguridad.<\/p>\n\n\n\n<p>Estamos al d\u00eda de los cambios en las leyes de la propiedad vertical y horizontal, para que nuestros clientes est\u00e9n completamente asesorados.<\/p>\n\n\n\n<h3 class=\"wp-block-heading\"><br><br>Construcci\u00f3n y gesti\u00f3n de incidentes<\/h3>\n\n\n\n<ul>\n<li>Nuestra funci\u00f3n es solventar las inquietudes de los propietarios y actuar de manera r\u00e1pida y eficiente. Seleccionaremos la mejor soluci\u00f3n al problema que surja en su propiedad, comunicaremos su desarrollo y contactaremos con los mejores expertos para encontrar la mejor soluci\u00f3n para su beneficio.<\/li>\n\n\n\n<li>Apoyamos las reuniones de la comunidad de propietarios en su nombre.<\/li>\n\n\n\n<li>Gestionar y asesorar sobre lo que tiene que hacer o lo que tiene que hacer. Obt\u00e9n un presupuesto asequible y garantizado. Supervise y controle estos.<\/li>\n\n\n\n<li>Afecta los pagos a los inquilinos y empresas participantes y los costos asociados.<\/li>\n\n\n\n<li>Inspectores T\u00e9cnicos de Edificios (ITE) Investigaci\u00f3n y Procesamiento (ITE)<\/li>\n<\/ul>\n\n\n\n<h4 class=\"wp-block-heading\">Gesti\u00f3n Financiera y de Ingresos<\/h4>\n\n\n\n<ul>\n<li>Registramos los presupuestos de ingresos y gastos en tiempo real. Presente sus estados financieros mensuales de forma clara y comprensible.<\/li>\n\n\n\n<li>Emisi\u00f3n, residencia y gesti\u00f3n de recibos. No pagaremos ninguna tarifa que el hotel no haya permitido previamente.<\/li>\n\n\n\n<li>Regulaci\u00f3n y Pago Tributario (IBI), y en el caso de sociedades o comunidades inmobiliarias, presentaci\u00f3n y tramitaci\u00f3n de impuestos (IVA, IRPF, etc.), alta, cancelaci\u00f3n, etc.<\/li>\n\n\n\n<li>Tarifa de facturaci\u00f3n por rentas impagas. <\/li>\n\n\n\n<li>Gesti\u00f3n amigable y tr\u00e1mites extrajudiciales para la recogida de recibos pendientes de pago.<\/li>\n<\/ul>\n\n\n\n<h4 class=\"wp-block-heading\">Tr\u00e1mites ante empresas de servicio y mantenimiento<\/h4>\n\n\n\n<ul>\n<li> Tr\u00e1mites con empresas de servicio y suministro (agua, luz, ascensores, tel\u00e9fonos, limpieza, seguros, etc.)<\/li>\n\n\n\n<li>Mantenimiento de ascensores, limpieza de escaleras, intercomunicadores electr\u00f3nicos, antenas de TV, c\u00e1maras de seguridad de video etc. .<\/li>\n\n\n\n<li>Gesti\u00f3n de n\u00f3minas de porteadores y trabajadores, prevenci\u00f3n de riesgos laborales, impuesto sobre la renta.<\/li>\n\n\n\n<li><\/li>\n\n\n\n<li>Vende tu propiedad. Renovaci\u00f3n y extinci\u00f3n de contrato<\/li>\n\n\n\n<li>Asesoramiento en alquiler y renovaci\u00f3n de contrato, renovaci\u00f3n de alquiler, cesi\u00f3n, cancelaci\u00f3n, documentos de concesi\u00f3n, etc.<\/li>\n\n\n\n<li> Cree un contrato con los t\u00e9rminos m\u00e1s recomendados para proteger sus intereses.<\/li>\n\n\n\n<li> Presenta tu propiedad al portal inmobiliario m\u00e1s importante<\/li>\n\n\n\n<li>\u2022Selecciona el inquilino con mayor garant\u00eda.<\/li>\n\n\n\n<li>\u2022Solicitud y tramitaci\u00f3n de los documentos necesarios para comercializar su propiedad: Certificado de Residencia. Certificado energ\u00e9tico. Certificado de Baja Tensi\u00f3n<\/li>\n\n\n\n<li>Gestionar obligaciones con Incas\u00f2l.<\/li>\n<\/ul>\n","protected":false},"excerpt":{"rendered":"<p>Servicio de administraci\u00f3n de fincas a las Comunidades de Propietarios: \u00a1Estamos siempre para ayudar! Gesti\u00f3n de Incidencias en la comunidad Resolver los problemas del d\u00eda a d\u00eda que se presenten en la comunidad de propietarios y gestionar la pronta solucion con el consentimiento del Presidente y los expertos. Mediar cuando sea necesario por conflictos de [&hellip;]<\/p>\n","protected":false},"author":2,"featured_media":0,"parent":0,"menu_order":0,"comment_status":"closed","ping_status":"closed","template":"","meta":{"_monsterinsights_skip_tracking":false,"_monsterinsights_sitenote_active":false,"_monsterinsights_sitenote_note":"","_monsterinsights_sitenote_category":0,"footnotes":""},"_links":{"self":[{"href":"https:\/\/redcasas.com\/inmobiliaria\/wp-json\/wp\/v2\/pages\/2927"}],"collection":[{"href":"https:\/\/redcasas.com\/inmobiliaria\/wp-json\/wp\/v2\/pages"}],"about":[{"href":"https:\/\/redcasas.com\/inmobiliaria\/wp-json\/wp\/v2\/types\/page"}],"author":[{"embeddable":true,"href":"https:\/\/redcasas.com\/inmobiliaria\/wp-json\/wp\/v2\/users\/2"}],"replies":[{"embeddable":true,"href":"https:\/\/redcasas.com\/inmobiliaria\/wp-json\/wp\/v2\/comments?post=2927"}],"version-history":[{"count":4,"href":"https:\/\/redcasas.com\/inmobiliaria\/wp-json\/wp\/v2\/pages\/2927\/revisions"}],"predecessor-version":[{"id":5555,"href":"https:\/\/redcasas.com\/inmobiliaria\/wp-json\/wp\/v2\/pages\/2927\/revisions\/5555"}],"wp:attachment":[{"href":"https:\/\/redcasas.com\/inmobiliaria\/wp-json\/wp\/v2\/media?parent=2927"}],"curies":[{"name":"wp","href":"https:\/\/api.w.org\/{rel}","templated":true}]}}