{"id":2827,"date":"2021-07-05T13:55:28","date_gmt":"2021-07-05T13:55:28","guid":{"rendered":"https:\/\/redcasas.com\/inmobiliaria\/?page_id=2827"},"modified":"2023-02-22T18:27:52","modified_gmt":"2023-02-22T18:27:52","slug":"alarmas-para-viviendas","status":"publish","type":"page","link":"https:\/\/redcasas.com\/inmobiliaria\/alarmas-para-viviendas\/","title":{"rendered":"Alarmas para viviendas"},"content":{"rendered":"\n<p class=\"has-vivid-cyan-blue-color has-text-color\">Alarmas para viviendas y locales, especiales para propietarios con pisos vac\u00edos o segunda residencia,<\/p>\n\n\n\n<p class=\"has-vivid-cyan-blue-color has-text-color\">Somos representantes oficiales de ADT, sistema de alarmas, de alta seguridad con aviso directo a polic\u00eda ante intento de intrusi\u00f3n, robo, ocupaci\u00f3n.<\/p>\n\n\n\n<p class=\"has-vivid-cyan-blue-color has-text-color\">El Sistema b\u00e1sico ideal para viviendas y locales cuenta con:<\/p>\n\n\n\n<h2 class=\"has-vivid-cyan-blue-color has-text-color wp-block-heading\">ADT Smart Security<\/h2>\n\n\n\n<p class=\"has-vivid-cyan-blue-color has-text-color\">M\u00e1s seguro, m\u00e1s inteligente y m\u00e1s conectado.<\/p>\n\n\n\n<p class=\"has-vivid-cyan-blue-color has-text-color\">Seguridad. V\u00eddeo. Todo funciona autom\u00e1ticamente para que puedas visualizar y controlar tu hogar o negocio cu\u00e1ndo y d\u00f3nde quieras.<br>Puedes estar tranquilo al saber que tu hogar y tu familia estar\u00e1n protegidos, y que tu negocio estar\u00e1 monitorizado y funcionar\u00e1 sin problemas.<\/p>\n\n\n\n<figure class=\"wp-block-image size-large is-style-default\"><a href=\"https:\/\/redcasas.com\/inmobiliaria\/wp-content\/uploads\/2021\/07\/alarmas.jpg\"><img loading=\"lazy\" decoding=\"async\" width=\"1024\" height=\"422\" src=\"https:\/\/redcasas.com\/inmobiliaria\/wp-content\/uploads\/2021\/07\/alarmas-1024x422.jpg\" alt=\"\" class=\"wp-image-2830\" srcset=\"https:\/\/redcasas.com\/inmobiliaria\/wp-content\/uploads\/2021\/07\/alarmas-1024x422.jpg 1024w, https:\/\/redcasas.com\/inmobiliaria\/wp-content\/uploads\/2021\/07\/alarmas-300x124.jpg 300w, https:\/\/redcasas.com\/inmobiliaria\/wp-content\/uploads\/2021\/07\/alarmas-768x316.jpg 768w, https:\/\/redcasas.com\/inmobiliaria\/wp-content\/uploads\/2021\/07\/alarmas.jpg 1335w\" sizes=\"(max-width: 1024px) 100vw, 1024px\" \/><\/a><\/figure>\n\n\n\n<figure class=\"wp-block-image size-large is-style-rounded\"><a href=\"https:\/\/redcasas.com\/inmobiliaria\/wp-content\/uploads\/2021\/07\/iconos-alarmas.jpg\"><img loading=\"lazy\" decoding=\"async\" width=\"1024\" height=\"165\" src=\"https:\/\/redcasas.com\/inmobiliaria\/wp-content\/uploads\/2021\/07\/iconos-alarmas-1024x165.jpg\" alt=\"\" class=\"wp-image-2829\" srcset=\"https:\/\/redcasas.com\/inmobiliaria\/wp-content\/uploads\/2021\/07\/iconos-alarmas-1024x165.jpg 1024w, https:\/\/redcasas.com\/inmobiliaria\/wp-content\/uploads\/2021\/07\/iconos-alarmas-300x48.jpg 300w, https:\/\/redcasas.com\/inmobiliaria\/wp-content\/uploads\/2021\/07\/iconos-alarmas-768x124.jpg 768w, https:\/\/redcasas.com\/inmobiliaria\/wp-content\/uploads\/2021\/07\/iconos-alarmas.jpg 1344w\" sizes=\"(max-width: 1024px) 100vw, 1024px\" \/><\/a><\/figure>\n\n\n\n<h3 class=\"has-vivid-cyan-blue-color has-text-color wp-block-heading\"><strong>Solicito me llamen para conocer m\u00e1s como proceder para la contrataci\u00f3n de una alarma<\/strong><\/h3>\n\n\n<div class=\"wpforms-container wpforms-container-full\" id=\"wpforms-2835\"><form id=\"wpforms-form-2835\" class=\"wpforms-validate wpforms-form\" data-formid=\"2835\" method=\"post\" enctype=\"multipart\/form-data\" action=\"\/inmobiliaria\/wp-json\/wp\/v2\/pages\/2827\" data-token=\"012a47d36e7a48bbf5a0c44edb5349d4\" data-token-time=\"1777632763\"><noscript class=\"wpforms-error-noscript\">Por favor, activa JavaScript en tu navegador para completar este formulario.<\/noscript><div class=\"wpforms-field-container\"><div id=\"wpforms-2835-field_1-container\" class=\"wpforms-field wpforms-field-text\" data-field-id=\"1\"><label class=\"wpforms-field-label\" for=\"wpforms-2835-field_1\">Nombre y Apellido <span class=\"wpforms-required-label\">*<\/span><\/label><input type=\"text\" id=\"wpforms-2835-field_1\" class=\"wpforms-field-medium wpforms-field-required\" name=\"wpforms[fields][1]\" required><\/div><div id=\"wpforms-2835-field_2-container\" class=\"wpforms-field wpforms-field-text\" data-field-id=\"2\"><label class=\"wpforms-field-label\" for=\"wpforms-2835-field_2\">Tel\u00e9fono <span class=\"wpforms-required-label\">*<\/span><\/label><input type=\"text\" id=\"wpforms-2835-field_2\" class=\"wpforms-field-small wpforms-field-required\" name=\"wpforms[fields][2]\" required><\/div><div id=\"wpforms-2835-field_5-container\" class=\"wpforms-field wpforms-field-radio\" data-field-id=\"5\"><label class=\"wpforms-field-label\" for=\"wpforms-2835-field_5\">Seleccione horario de llamada <span class=\"wpforms-required-label\">*<\/span><\/label><ul id=\"wpforms-2835-field_5\" class=\"wpforms-field-required\"><li class=\"choice-1 depth-1\"><input type=\"radio\" id=\"wpforms-2835-field_5_1\" name=\"wpforms[fields][5]\" value=\"de 10:00 a 12:00hs\" required ><label class=\"wpforms-field-label-inline\" for=\"wpforms-2835-field_5_1\">de 10:00 a 12:00hs<\/label><\/li><li class=\"choice-2 depth-1\"><input type=\"radio\" id=\"wpforms-2835-field_5_2\" name=\"wpforms[fields][5]\" value=\"de 12:00 a 14:00hs\" required ><label class=\"wpforms-field-label-inline\" for=\"wpforms-2835-field_5_2\">de 12:00 a 14:00hs<\/label><\/li><li class=\"choice-3 depth-1\"><input type=\"radio\" id=\"wpforms-2835-field_5_3\" name=\"wpforms[fields][5]\" value=\"de 16:00 a 18:00hs\" required ><label class=\"wpforms-field-label-inline\" for=\"wpforms-2835-field_5_3\">de 16:00 a 18:00hs<\/label><\/li><li class=\"choice-4 depth-1\"><input type=\"radio\" id=\"wpforms-2835-field_5_4\" name=\"wpforms[fields][5]\" value=\"de 18:00 a 20:00hs\" required ><label class=\"wpforms-field-label-inline\" for=\"wpforms-2835-field_5_4\">de 18:00 a 20:00hs<\/label><\/li><\/ul><\/div><\/div><!-- .wpforms-field-container --><div class=\"wpforms-recaptcha-container wpforms-is-recaptcha wpforms-is-recaptcha-type-invisible\" ><div class=\"g-recaptcha\" data-sitekey=\"AIzaSyCrYN9VYRpqMZHiZYEFY8XLDflaXqhiib4\" data-size=\"invisible\"><\/div><\/div><div class=\"wpforms-submit-container\" ><input type=\"hidden\" name=\"wpforms[id]\" value=\"2835\"><input type=\"hidden\" name=\"page_title\" value=\"\"><input type=\"hidden\" name=\"page_url\" value=\"https:\/\/redcasas.com\/inmobiliaria\/wp-json\/wp\/v2\/pages\/2827\"><button type=\"submit\" name=\"wpforms[submit]\" id=\"wpforms-submit-2835\" class=\"wpforms-submit\" data-alt-text=\"Enviando...\" data-submit-text=\"Enviar\" aria-live=\"assertive\" value=\"wpforms-submit\">Enviar<\/button><\/div><\/form><\/div>  <!-- .wpforms-container -->\n\n\n\n<figure class=\"wp-block-image size-large is-resized\"><a href=\"https:\/\/redcasas.com\/inmobiliaria\/wp-content\/uploads\/2021\/07\/Representante.jpg\"><img loading=\"lazy\" decoding=\"async\" src=\"https:\/\/redcasas.com\/inmobiliaria\/wp-content\/uploads\/2021\/07\/Representante.jpg\" alt=\"\" class=\"wp-image-2842\" width=\"317\" height=\"144\" srcset=\"https:\/\/redcasas.com\/inmobiliaria\/wp-content\/uploads\/2021\/07\/Representante.jpg 650w, https:\/\/redcasas.com\/inmobiliaria\/wp-content\/uploads\/2021\/07\/Representante-300x137.jpg 300w\" sizes=\"(max-width: 317px) 100vw, 317px\" \/><\/a><\/figure>\n\n\n\n<h3 class=\"wp-block-heading\">Siguenos en nuestras redes sociales<\/h3>\n\n\n\n<figure class=\"wp-block-image\"><a href=\"http:\/\/www.facebook.com\/Red-Casas\" target=\"_blank\" rel=\"noreferrer noopener\"><img loading=\"lazy\" decoding=\"async\" width=\"119\" height=\"119\" src=\"https:\/\/redcasas.com\/inmobiliaria\/wp-content\/uploads\/2020\/11\/facebook.jpg\" alt=\"\" class=\"wp-image-420\" srcset=\"https:\/\/redcasas.com\/inmobiliaria\/wp-content\/uploads\/2020\/11\/facebook.jpg 119w, https:\/\/redcasas.com\/inmobiliaria\/wp-content\/uploads\/2020\/11\/facebook-100x100.jpg 100w, https:\/\/redcasas.com\/inmobiliaria\/wp-content\/uploads\/2020\/11\/facebook-200x200.jpg 200w\" sizes=\"(max-width: 119px) 100vw, 119px\" \/><\/a><\/figure>\n\n\n\n<figure class=\"wp-block-image\"><a href=\"https:\/\/redcasas.com\/inmobiliaria\/wp-content\/uploads\/2020\/11\/instagram.jpg\"><img loading=\"lazy\" decoding=\"async\" width=\"119\" height=\"119\" src=\"https:\/\/redcasas.com\/inmobiliaria\/wp-content\/uploads\/2020\/11\/instagram.jpg\" alt=\"\" class=\"wp-image-421\" srcset=\"https:\/\/redcasas.com\/inmobiliaria\/wp-content\/uploads\/2020\/11\/instagram.jpg 119w, https:\/\/redcasas.com\/inmobiliaria\/wp-content\/uploads\/2020\/11\/instagram-100x100.jpg 100w, https:\/\/redcasas.com\/inmobiliaria\/wp-content\/uploads\/2020\/11\/instagram-200x200.jpg 200w\" sizes=\"(max-width: 119px) 100vw, 119px\" \/><\/a><\/figure>\n\n\n\n<p><a href=\"http:\/\/www.facebook.com\/Red-Casas\" target=\"_blank\" rel=\"noreferrer noopener\">www.facebook.com\/Red-Casas<\/a><\/p>\n","protected":false},"excerpt":{"rendered":"<p>Alarmas para viviendas y locales, especiales para propietarios con pisos vac\u00edos o segunda residencia, Somos representantes oficiales de ADT, sistema de alarmas, de alta seguridad con aviso directo a polic\u00eda ante intento de intrusi\u00f3n, robo, ocupaci\u00f3n. El Sistema b\u00e1sico ideal para viviendas y locales cuenta con: ADT Smart Security M\u00e1s seguro, m\u00e1s inteligente y m\u00e1s [&hellip;]<\/p>\n","protected":false},"author":2,"featured_media":0,"parent":0,"menu_order":0,"comment_status":"closed","ping_status":"closed","template":"","meta":{"_monsterinsights_skip_tracking":false,"_monsterinsights_sitenote_active":false,"_monsterinsights_sitenote_note":"","_monsterinsights_sitenote_category":0,"footnotes":""},"_links":{"self":[{"href":"https:\/\/redcasas.com\/inmobiliaria\/wp-json\/wp\/v2\/pages\/2827"}],"collection":[{"href":"https:\/\/redcasas.com\/inmobiliaria\/wp-json\/wp\/v2\/pages"}],"about":[{"href":"https:\/\/redcasas.com\/inmobiliaria\/wp-json\/wp\/v2\/types\/page"}],"author":[{"embeddable":true,"href":"https:\/\/redcasas.com\/inmobiliaria\/wp-json\/wp\/v2\/users\/2"}],"replies":[{"embeddable":true,"href":"https:\/\/redcasas.com\/inmobiliaria\/wp-json\/wp\/v2\/comments?post=2827"}],"version-history":[{"count":7,"href":"https:\/\/redcasas.com\/inmobiliaria\/wp-json\/wp\/v2\/pages\/2827\/revisions"}],"predecessor-version":[{"id":2847,"href":"https:\/\/redcasas.com\/inmobiliaria\/wp-json\/wp\/v2\/pages\/2827\/revisions\/2847"}],"wp:attachment":[{"href":"https:\/\/redcasas.com\/inmobiliaria\/wp-json\/wp\/v2\/media?parent=2827"}],"curies":[{"name":"wp","href":"https:\/\/api.w.org\/{rel}","templated":true}]}}